{"id":868,"date":"2016-01-19T16:06:33","date_gmt":"2016-01-19T15:06:33","guid":{"rendered":"http:\/\/www.nimax.se\/medicin\/?page_id=868"},"modified":"2020-08-11T09:32:23","modified_gmt":"2020-08-11T07:32:23","slug":"nimax-medicin","status":"publish","type":"page","link":"https:\/\/www.nimax.se\/medicin\/","title":{"rendered":"Nimax Medicin"},"content":{"rendered":"<h1>Santax Medico AB f\u00f6rv\u00e4rvar<br \/>\nNimax AB medical products.<\/h1>\n<p>Santax Medico AB har f\u00f6rv\u00e4rvat och \u00f6vertagit alla aktiviteter fr\u00e5n Nimax AB betr\u00e4ffande medicintekniska produkter.<\/p>\n<p>Santax Medico \u00e4r sedan 1954 etablerade i den medicintekniska branschen med fokus p\u00e5 medicinsk bildteknik. F\u00f6retaget \u00e4r etablerat i hela Norden; Danmark, Sverige, Norge och Finland.<\/p>\n<p>All l\u00f6pande verksamhet \u00f6vertas av Santax Medico AB, s\u00e5 som f\u00f6rs\u00e4ljning, service, prisf\u00f6rslag, offerter, anbud samt ing\u00e5ngna avtal.<\/p>\n<p>Patrik Gustafsson Nimax AB \u00f6verg\u00e5r som produktansvarig till Santax Medico AB.<\/p>\n<p>V\u00e5r ambition \u00e4r att \u00f6verg\u00e5ngen ska bli s\u00e5 smidig som m\u00f6jligt f\u00f6r alla parter.<\/p>\n<p>&nbsp;<\/p>\n<h3>Kontakta oss<\/h3>\n<p>Om du beh\u00f6ver mer information s\u00e5 kontakta:<\/p>\n<p><strong>Torgny Bergerstam<\/strong> F\u00f6rs\u00e4ljningschef p\u00e5 Santax Medico AB<br \/>\ntorgny.bergerstam@santax.com, +46 (0) 708788104<\/p>\n<p><strong>Patrik Gustafsson<\/strong>, +46 (0) 707762160<\/p>\n<p>Vi ser fram mot ett fortsatt gott samarbete.<\/p>\n<p>&nbsp;<\/p>\n<p><em>Med v\u00e4nliga h\u00e4lsningar,<\/em><\/p>\n<p><strong>Santax Medico AB<\/strong><br \/>\nTorgny Bergerstam<br \/>\nF\u00f6rs\u00e4ljningschef<\/p>\n<p><strong>Nimax AB<\/strong><br \/>\nNils Lundberg<br \/>\nVD<\/p>\n","protected":false},"excerpt":{"rendered":"<p>Santax Medico AB f\u00f6rv\u00e4rvar Nimax AB medical products. Santax Medico AB har f\u00f6rv\u00e4rvat och \u00f6vertagit alla aktiviteter fr\u00e5n Nimax AB betr\u00e4ffande medicintekniska produkter. Santax Medico \u00e4r sedan 1954 etablerade i den medicintekniska branschen med fokus p\u00e5 medicinsk bildteknik. F\u00f6retaget \u00e4r etablerat i hela Norden; Danmark, Sverige, Norge och Finland. All l\u00f6pande verksamhet \u00f6vertas av Santax  [&#8230;]<\/p>\n","protected":false},"author":1,"featured_media":0,"parent":0,"menu_order":0,"comment_status":"closed","ping_status":"closed","template":"","meta":{"_acf_changed":false,"footnotes":""},"class_list":["post-868","page","type-page","status-publish","hentry"],"acf":[],"_links":{"self":[{"href":"https:\/\/www.nimax.se\/medicin\/wp-json\/wp\/v2\/pages\/868","targetHints":{"allow":["GET"]}}],"collection":[{"href":"https:\/\/www.nimax.se\/medicin\/wp-json\/wp\/v2\/pages"}],"about":[{"href":"https:\/\/www.nimax.se\/medicin\/wp-json\/wp\/v2\/types\/page"}],"author":[{"embeddable":true,"href":"https:\/\/www.nimax.se\/medicin\/wp-json\/wp\/v2\/users\/1"}],"replies":[{"embeddable":true,"href":"https:\/\/www.nimax.se\/medicin\/wp-json\/wp\/v2\/comments?post=868"}],"version-history":[{"count":16,"href":"https:\/\/www.nimax.se\/medicin\/wp-json\/wp\/v2\/pages\/868\/revisions"}],"predecessor-version":[{"id":903,"href":"https:\/\/www.nimax.se\/medicin\/wp-json\/wp\/v2\/pages\/868\/revisions\/903"}],"wp:attachment":[{"href":"https:\/\/www.nimax.se\/medicin\/wp-json\/wp\/v2\/media?parent=868"}],"curies":[{"name":"wp","href":"https:\/\/api.w.org\/{rel}","templated":true}]}}