{"id":794,"date":"2021-09-29T14:09:04","date_gmt":"2021-09-29T12:09:04","guid":{"rendered":"https:\/\/www.nimax.se\/foto\/?page_id=794"},"modified":"2021-09-30T14:03:17","modified_gmt":"2021-09-30T12:03:17","slug":"sony-upp-110hd","status":"publish","type":"page","link":"https:\/\/www.nimax.se\/foto\/sony-upp-110hd\/","title":{"rendered":"Sony UPP 110HD"},"content":{"rendered":"<div class=\"fusion-fullwidth fullwidth-box fusion-builder-row-1 fusion-flex-container nonhundred-percent-fullwidth non-hundred-percent-height-scrolling\" style=\"--awb-border-radius-top-left:0px;--awb-border-radius-top-right:0px;--awb-border-radius-bottom-right:0px;--awb-border-radius-bottom-left:0px;--awb-padding-top:50px;--awb-padding-bottom:50px;--awb-background-color:#ffffff;--awb-flex-wrap:wrap;\" ><div class=\"fusion-builder-row fusion-row fusion-flex-align-items-flex-start fusion-flex-align-content-center fusion-flex-content-wrap\" style=\"max-width:1144px;margin-left: calc(-4% \/ 2 );margin-right: calc(-4% \/ 2 );\"><div class=\"fusion-layout-column fusion_builder_column fusion-builder-column-0 fusion_builder_column_2_3 2_3 fusion-flex-column\" style=\"--awb-bg-size:cover;--awb-width-large:66.666666666667%;--awb-margin-top-large:0px;--awb-spacing-right-large:2.88%;--awb-margin-bottom-large:20px;--awb-spacing-left-large:2.88%;--awb-width-medium:100%;--awb-order-medium:0;--awb-spacing-right-medium:1.92%;--awb-spacing-left-medium:1.92%;--awb-width-small:100%;--awb-order-small:1;--awb-spacing-right-small:1.92%;--awb-spacing-left-small:1.92%;\"><div class=\"fusion-column-wrapper fusion-column-has-shadow fusion-flex-justify-content-flex-start fusion-content-layout-column\"><div class=\"fusion-text fusion-text-1\"><h1 class=\"\" style=\"text-align: left;\" data-fontsize=\"50\" data-lineheight=\"65px\">Sony UPP 110HD<\/h1>\n<h2><strong>Type II High Density Thermal printing paper<\/strong><\/h2>\n<p><span class=\"Y2IQFc\" lang=\"sv\">N\u00e4r du f\u00f6rs\u00f6ker skaffa optimal utskriftskvalitet s\u00e5 \u00e4r frestande att fokusera endast p\u00e5 h\u00e5rdvaran. Vilket \u00e4r viktigt. Men din skrivares h\u00e5rdvara \u00e4r bara en del av en process fr\u00e5n bildtagning till bildproduktion. Valet av utskriftsmedia \u00e4r lika avg\u00f6rande. Klicka dig vidare f\u00f6r att l\u00e4sa mer om <\/span>Nimax fotopapper, medicinskt papper &amp; ultraljud papper <span class=\"Y2IQFc\" lang=\"sv\">via l\u00e4nk nedan!<\/span><\/p>\n<\/div><div ><a class=\"fusion-button button-flat fusion-button-default-size button-default fusion-button-default button-1 fusion-button-default-span fusion-button-default-type\" target=\"_self\" href=\"https:\/\/www.nimax.se\/foto\/produkter\/sony-upp-110hg-upp-110hd-upp-84hg-upc-21l-upp-210hd\/\"><span class=\"fusion-button-text awb-button__text awb-button__text--default\">Se fler produkter<\/span><\/a><\/div><\/div><\/div><div class=\"fusion-layout-column fusion_builder_column fusion-builder-column-1 fusion_builder_column_1_3 1_3 fusion-flex-column\" style=\"--awb-padding-top:0px;--awb-padding-right:0px;--awb-padding-bottom:0px;--awb-padding-left:0px;--awb-bg-color:#ffffff;--awb-bg-color-hover:#ffffff;--awb-bg-size:cover;--awb-width-large:33.333333333333%;--awb-margin-top-large:0px;--awb-spacing-right-large:5.76%;--awb-margin-bottom-large:20px;--awb-spacing-left-large:5.76%;--awb-width-medium:100%;--awb-order-medium:0;--awb-spacing-right-medium:1.92%;--awb-spacing-left-medium:1.92%;--awb-width-small:100%;--awb-order-small:0;--awb-spacing-right-small:1.92%;--awb-spacing-left-small:1.92%;\"><div class=\"fusion-column-wrapper fusion-column-has-shadow fusion-flex-justify-content-flex-start fusion-content-layout-column\"><div class=\"fusion-image-element \" style=\"text-align:left;--awb-caption-title-font-family:var(--h2_typography-font-family);--awb-caption-title-font-weight:var(--h2_typography-font-weight);--awb-caption-title-font-style:var(--h2_typography-font-style);--awb-caption-title-size:var(--h2_typography-font-size);--awb-caption-title-transform:var(--h2_typography-text-transform);--awb-caption-title-line-height:var(--h2_typography-line-height);--awb-caption-title-letter-spacing:var(--h2_typography-letter-spacing);\"><span class=\" fusion-imageframe imageframe-none imageframe-1 hover-type-none\"><img decoding=\"async\" width=\"137\" height=\"103\" alt=\"Upp 110HD nimax\" title=\"UPP_110_nimax\" src=\"https:\/\/www.nimax.se\/foto\/wp-content\/uploads\/sites\/3\/2016\/03\/UPP_110_nimax.jpg\" class=\"img-responsive wp-image-603\"\/><\/span><\/div><\/div><\/div><\/div><\/div>\n","protected":false},"excerpt":{"rendered":"","protected":false},"author":1,"featured_media":0,"parent":0,"menu_order":0,"comment_status":"closed","ping_status":"closed","template":"","meta":{"_acf_changed":false,"footnotes":""},"class_list":["post-794","page","type-page","status-publish","hentry"],"acf":[],"_links":{"self":[{"href":"https:\/\/www.nimax.se\/foto\/wp-json\/wp\/v2\/pages\/794","targetHints":{"allow":["GET"]}}],"collection":[{"href":"https:\/\/www.nimax.se\/foto\/wp-json\/wp\/v2\/pages"}],"about":[{"href":"https:\/\/www.nimax.se\/foto\/wp-json\/wp\/v2\/types\/page"}],"author":[{"embeddable":true,"href":"https:\/\/www.nimax.se\/foto\/wp-json\/wp\/v2\/users\/1"}],"replies":[{"embeddable":true,"href":"https:\/\/www.nimax.se\/foto\/wp-json\/wp\/v2\/comments?post=794"}],"version-history":[{"count":10,"href":"https:\/\/www.nimax.se\/foto\/wp-json\/wp\/v2\/pages\/794\/revisions"}],"predecessor-version":[{"id":814,"href":"https:\/\/www.nimax.se\/foto\/wp-json\/wp\/v2\/pages\/794\/revisions\/814"}],"wp:attachment":[{"href":"https:\/\/www.nimax.se\/foto\/wp-json\/wp\/v2\/media?parent=794"}],"curies":[{"name":"wp","href":"https:\/\/api.w.org\/{rel}","templated":true}]}}