{"id":788,"date":"2021-09-29T13:21:33","date_gmt":"2021-09-29T11:21:33","guid":{"rendered":"https:\/\/www.nimax.se\/foto\/?page_id=788"},"modified":"2024-02-02T11:11:35","modified_gmt":"2024-02-02T10:11:35","slug":"sony-upp-110hg","status":"publish","type":"page","link":"https:\/\/www.nimax.se\/foto\/sony-upp-110hg\/","title":{"rendered":"Sony UPP 110HG"},"content":{"rendered":"<div class=\"fusion-fullwidth fullwidth-box fusion-builder-row-1 fusion-flex-container nonhundred-percent-fullwidth non-hundred-percent-height-scrolling\" style=\"--awb-border-radius-top-left:0px;--awb-border-radius-top-right:0px;--awb-border-radius-bottom-right:0px;--awb-border-radius-bottom-left:0px;--awb-padding-top:50px;--awb-padding-bottom:50px;--awb-background-color:#ffffff;--awb-flex-wrap:wrap;\" ><div class=\"fusion-builder-row fusion-row fusion-flex-align-items-flex-start fusion-flex-align-content-center fusion-flex-content-wrap\" style=\"max-width:1144px;margin-left: calc(-4% \/ 2 );margin-right: calc(-4% \/ 2 );\"><div class=\"fusion-layout-column fusion_builder_column fusion-builder-column-0 fusion_builder_column_2_3 2_3 fusion-flex-column\" style=\"--awb-bg-size:cover;--awb-width-large:66.666666666667%;--awb-margin-top-large:0px;--awb-spacing-right-large:2.88%;--awb-margin-bottom-large:20px;--awb-spacing-left-large:2.88%;--awb-width-medium:100%;--awb-order-medium:0;--awb-spacing-right-medium:1.92%;--awb-spacing-left-medium:1.92%;--awb-width-small:100%;--awb-order-small:1;--awb-spacing-right-small:1.92%;--awb-spacing-left-small:1.92%;\"><div class=\"fusion-column-wrapper fusion-column-has-shadow fusion-flex-justify-content-flex-start fusion-content-layout-column\"><div class=\"fusion-text fusion-text-1\"><h1 class=\"\" style=\"text-align: left;\" data-fontsize=\"50\" data-lineheight=\"65px\">Sony UPP 110HG<\/h1>\n<h2><strong>Type V High Gloss Thermal printing paper<\/strong><\/h2>\n<p><span class=\"Y2IQFc\" lang=\"sv\">N\u00e4r du f\u00f6rs\u00f6ker skaffa optimal utskriftskvalitet s\u00e5 \u00e4r frestande att fokusera endast p\u00e5 h\u00e5rdvaran. Vilket \u00e4r viktigt. Men din skrivares h\u00e5rdvara \u00e4r bara en del av en process fr\u00e5n bildtagning till bildproduktion. Valet av utskriftsmedia \u00e4r lika avg\u00f6rande. Klicka dig vidare f\u00f6r att l\u00e4sa mer om Nimax fotopapper, medicinskt papper &amp; ultraljud papper via l\u00e4nk nedan!<\/span><\/p>\n<h2>Sony originalpapper levereras alltid fr\u00e5n oss\u00a0<u><\/u><\/h2>\n<p>Sony originalpapper levereras alltid fr\u00e5n oss till din skrivare f\u00f6r att du skall f\u00e5 s\u00e5 bra utskrifter som m\u00f6jligt fr\u00e5n din ultraljudsutrustningen. Sonys originalpapper ger alltid b\u00e4sta resultatet med alla gr\u00e5skaler i beh\u00e5ll p\u00e5 den utskrivna bilden.<u><\/u><u><\/u><u><\/u><u><\/u><\/p>\n<div><strong>R\u00e5dg\u00f6r med oss vilket papper som passar till respektive skrivare:<\/strong><\/div>\n<ul>\n<li>UP-811<\/li>\n<li>UP-850MD<\/li>\n<li>UP-890MD<\/li>\n<li>UP-895MD<\/li>\n<li>UP-D895<\/li>\n<li>UP-897MD<\/li>\n<li>UP-D897MD<\/li>\n<li>UP-X898MD<\/li>\n<li>UP-D898MD<\/li>\n<li>UPD-711MD<\/li>\n<li>UP-25MD<\/li>\n<li>UP-D25MD<\/li>\n<li>UP-20\/21MD<\/li>\n<li>UP-D23MD<\/li>\n<li>UP-991AD<\/li>\n<li>UP-990AD<\/li>\n<li>UP-971AD<\/li>\n<li>UP-970AD<u><\/u><u><\/u><\/li>\n<\/ul>\n<\/div><div class=\"fusion-separator fusion-full-width-sep\" style=\"align-self: center;margin-left: auto;margin-right: auto;margin-top:50px;width:100%;\"><\/div><div ><a class=\"fusion-button button-flat fusion-button-default-size button-default fusion-button-default button-1 fusion-button-default-span fusion-button-default-type\" target=\"_self\" href=\"https:\/\/www.nimax.se\/foto\/produkter\/sony-upp-110hg-upp-110hd-upp-84hg-upc-21l-upp-210hd\/\"><span class=\"fusion-button-text awb-button__text awb-button__text--default\">Se fler produkter<\/span><\/a><\/div><\/div><\/div><div class=\"fusion-layout-column fusion_builder_column fusion-builder-column-1 fusion_builder_column_1_3 1_3 fusion-flex-column\" style=\"--awb-padding-top:0px;--awb-padding-right:0px;--awb-padding-bottom:0px;--awb-padding-left:0px;--awb-bg-color:#ffffff;--awb-bg-color-hover:#ffffff;--awb-bg-size:cover;--awb-width-large:33.333333333333%;--awb-margin-top-large:0px;--awb-spacing-right-large:5.76%;--awb-margin-bottom-large:20px;--awb-spacing-left-large:5.76%;--awb-width-medium:100%;--awb-order-medium:0;--awb-spacing-right-medium:1.92%;--awb-spacing-left-medium:1.92%;--awb-width-small:100%;--awb-order-small:0;--awb-spacing-right-small:1.92%;--awb-spacing-left-small:1.92%;\"><div class=\"fusion-column-wrapper fusion-column-has-shadow fusion-flex-justify-content-flex-start fusion-content-layout-column\"><div class=\"fusion-image-element \" style=\"text-align:left;--awb-caption-title-font-family:var(--h2_typography-font-family);--awb-caption-title-font-weight:var(--h2_typography-font-weight);--awb-caption-title-font-style:var(--h2_typography-font-style);--awb-caption-title-size:var(--h2_typography-font-size);--awb-caption-title-transform:var(--h2_typography-text-transform);--awb-caption-title-line-height:var(--h2_typography-line-height);--awb-caption-title-letter-spacing:var(--h2_typography-letter-spacing);\"><span class=\" fusion-imageframe imageframe-none imageframe-1 hover-type-none\"><img decoding=\"async\" width=\"718\" height=\"232\" alt=\"Upp 110HG Nimax\" title=\"Ska\u0308rmavbild 2021-09-29 kl. 13.50.20\" src=\"https:\/\/www.nimax.se\/foto\/wp-content\/uploads\/sites\/3\/2021\/09\/Ska\u0308rmavbild-2021-09-29-kl.-13.50.20.png\" class=\"img-responsive wp-image-791\" srcset=\"https:\/\/www.nimax.se\/foto\/wp-content\/uploads\/sites\/3\/2021\/09\/Ska\u0308rmavbild-2021-09-29-kl.-13.50.20-200x65.png 200w, https:\/\/www.nimax.se\/foto\/wp-content\/uploads\/sites\/3\/2021\/09\/Ska\u0308rmavbild-2021-09-29-kl.-13.50.20-400x129.png 400w, https:\/\/www.nimax.se\/foto\/wp-content\/uploads\/sites\/3\/2021\/09\/Ska\u0308rmavbild-2021-09-29-kl.-13.50.20-600x194.png 600w, https:\/\/www.nimax.se\/foto\/wp-content\/uploads\/sites\/3\/2021\/09\/Ska\u0308rmavbild-2021-09-29-kl.-13.50.20.png 718w\" sizes=\"(max-width: 1024px) 100vw, (max-width: 640px) 100vw, 400px\" \/><\/span><\/div><\/div><\/div><\/div><\/div>\n","protected":false},"excerpt":{"rendered":"","protected":false},"author":1,"featured_media":0,"parent":0,"menu_order":0,"comment_status":"closed","ping_status":"closed","template":"","meta":{"_acf_changed":false,"footnotes":""},"class_list":["post-788","page","type-page","status-publish","hentry"],"acf":[],"_links":{"self":[{"href":"https:\/\/www.nimax.se\/foto\/wp-json\/wp\/v2\/pages\/788","targetHints":{"allow":["GET"]}}],"collection":[{"href":"https:\/\/www.nimax.se\/foto\/wp-json\/wp\/v2\/pages"}],"about":[{"href":"https:\/\/www.nimax.se\/foto\/wp-json\/wp\/v2\/types\/page"}],"author":[{"embeddable":true,"href":"https:\/\/www.nimax.se\/foto\/wp-json\/wp\/v2\/users\/1"}],"replies":[{"embeddable":true,"href":"https:\/\/www.nimax.se\/foto\/wp-json\/wp\/v2\/comments?post=788"}],"version-history":[{"count":24,"href":"https:\/\/www.nimax.se\/foto\/wp-json\/wp\/v2\/pages\/788\/revisions"}],"predecessor-version":[{"id":899,"href":"https:\/\/www.nimax.se\/foto\/wp-json\/wp\/v2\/pages\/788\/revisions\/899"}],"wp:attachment":[{"href":"https:\/\/www.nimax.se\/foto\/wp-json\/wp\/v2\/media?parent=788"}],"curies":[{"name":"wp","href":"https:\/\/api.w.org\/{rel}","templated":true}]}}