{"id":587,"date":"2016-03-21T09:04:47","date_gmt":"2016-03-21T08:04:47","guid":{"rendered":"http:\/\/www.nimax.se\/foto\/?page_id=587"},"modified":"2017-05-02T16:34:16","modified_gmt":"2017-05-02T14:34:16","slug":"fotopapper","status":"publish","type":"page","link":"https:\/\/www.nimax.se\/foto\/fotopapper\/","title":{"rendered":"Fotopapper"},"content":{"rendered":"<div class=\"fusion-fullwidth fullwidth-box fusion-builder-row-1 nonhundred-percent-fullwidth non-hundred-percent-height-scrolling\" style=\"--awb-background-position:left top;--awb-border-radius-top-left:0px;--awb-border-radius-top-right:0px;--awb-border-radius-bottom-right:0px;--awb-border-radius-bottom-left:0px;--awb-padding-top:20px;--awb-padding-right:0px;--awb-padding-bottom:20px;--awb-padding-left:0px;--awb-border-sizes-top:0px;--awb-border-sizes-bottom:0px;--awb-flex-wrap:wrap;\" ><div class=\"fusion-builder-row fusion-row\"><div class=\"fusion-layout-column fusion_builder_column fusion-builder-column-0 fusion_builder_column_1_1 1_1 fusion-one-full fusion-column-first fusion-column-last\" style=\"--awb-bg-size:cover;\"><div class=\"fusion-column-wrapper fusion-flex-column-wrapper-legacy\"><div class=\"fusion-text fusion-text-1\"><h1>Fotopapper\u00a0och tillbeh\u00f6r<\/h1>\n<\/div><div class=\"fusion-text fusion-text-2\"><p><a href=\"https:\/\/www.nimax.se\/foto\/#kontaktaoss\">Kontakta oss<\/a>\u00a0f\u00f6r r\u00e5d om godk\u00e4nt fotopapper f\u00f6r ID-foto, blixtar,stanst\u00e4nger, bakgrunder och allt som r\u00f6r ID-fotografering.\u00a0Vi levererar endast fotopapper till v\u00e5ra sublimeringsskrivare av v\u00e4lk\u00e4nda fabrikat, DNP, Mitsubishi, HiTi och Sony, papper och f\u00e4rgband som h\u00e5ller mycket h\u00f6g kvalitet. De flesta artiklarna finns alltid f\u00f6r omg\u00e5ende leverans fr\u00e5n v\u00e5rt lager. Best\u00e4llningar som inkommer f\u00f6re kl 11.00 levereras ut till dig normalt inom 1-2 dagar.<br \/>\n<a href=\"mailto:nimax@nimax.se\">nimax@nimax.se<\/a><\/p>\n<\/div><div class=\"fusion-clearfix\"><\/div><\/div><\/div><div class=\"fusion-layout-column fusion_builder_column fusion-builder-column-1 fusion_builder_column_1_1 1_1 fusion-one-full fusion-column-first fusion-column-last\" style=\"--awb-bg-size:cover;\"><div class=\"fusion-column-wrapper fusion-flex-column-wrapper-legacy\">\t    \n\t\t    <div class=\"produkt-galleri\">\n\t\t\t\t<img decoding=\"async\" class=\"produkt-bild\" src=\"https:\/\/www.nimax.se\/foto\/wp-content\/uploads\/sites\/3\/2016\/03\/DPS_fotopapper_sinfonia_nimax.jpg\">\n\t\t\t\t<img decoding=\"async\" class=\"produkt-bild\" src=\"https:\/\/www.nimax.se\/foto\/wp-content\/uploads\/sites\/3\/2016\/03\/ID_station_nimax.jpg\">\n\t\t\t\t<div class=\"produkt-titel\">DPS fotopapper Sinfonia 10.400.024<\/div>\n\t\t\t\t\n\t\t\t\t<a href=\"https:\/\/www.nimax.se\/foto\/produkter\/dps-fotopapper-sinfonia-10-400-024\/\" class=\"produkt-galleri-btn\">Till produkten <i class=\"fa fa-lg fa-arrow-right\"><\/i><\/a>\n\t\t\t<\/div>\n\n\t    \n\t\t    <div class=\"produkt-galleri\">\n\t\t\t\t<img decoding=\"async\" class=\"produkt-bild\" src=\"https:\/\/www.nimax.se\/foto\/wp-content\/uploads\/sites\/3\/2016\/03\/PDS_fotostation_nimax.jpg\">\n\t\t\t\t<img decoding=\"async\" class=\"produkt-bild\" src=\"https:\/\/www.nimax.se\/foto\/wp-content\/uploads\/sites\/3\/2016\/03\/DPS_fotopapper_passport_nimax.jpg\">\n\t\t\t\t<div class=\"produkt-titel\">DPS fotopapper ID station 10.400.020\/2. 10.400.020<\/div>\n\t\t\t\t\n\t\t\t\t<a href=\"https:\/\/www.nimax.se\/foto\/produkter\/dps-fotopapper-id-station-10-400-0202-10-400-020\/\" class=\"produkt-galleri-btn\">Till produkten <i class=\"fa fa-lg fa-arrow-right\"><\/i><\/a>\n\t\t\t<\/div>\n\n\t    \n\t\t    <div class=\"produkt-galleri\">\n\t\t\t\t<img decoding=\"async\" class=\"produkt-bild\" src=\"https:\/\/www.nimax.se\/foto\/wp-content\/uploads\/sites\/3\/2016\/03\/minilabb_fotopapper_nimax.jpg\">\n\t\t\t\t<img decoding=\"async\" class=\"produkt-bild\" src=\"https:\/\/www.nimax.se\/foto\/wp-content\/uploads\/sites\/3\/2016\/03\/DNP_fotopapper_RX-1_skrivare.jpg\">\n\t\t\t\t<div class=\"produkt-titel\">DNP fotopapper till RX-1 skrivare<\/div>\n\t\t\t\t\n\t\t\t\t<a href=\"https:\/\/www.nimax.se\/foto\/produkter\/dnp-fotopapper-till-rx-1-skrivare\/\" class=\"produkt-galleri-btn\">Till produkten <i class=\"fa fa-lg fa-arrow-right\"><\/i><\/a>\n\t\t\t<\/div>\n\n\t    \n\t\t    <div class=\"produkt-galleri\">\n\t\t\t\t<img decoding=\"async\" class=\"produkt-bild\" src=\"https:\/\/www.nimax.se\/foto\/wp-content\/uploads\/sites\/3\/2016\/03\/DNP_snaplab_fotopapper.jpg\">\n\t\t\t\t<img decoding=\"async\" class=\"produkt-bild\" src=\"https:\/\/www.nimax.se\/foto\/wp-content\/uploads\/sites\/3\/2016\/03\/DNP_snaplab.jpg\">\n\t\t\t\t<div class=\"produkt-titel\">Minilab fotopaper till DNP sublimeringsprinterDP- DS620 Snap-Lab<\/div>\n\t\t\t\t\n\t\t\t\t<a href=\"https:\/\/www.nimax.se\/foto\/produkter\/minilab-fotopaper-till-dnp-sublimeringsprinterdp-ds620-snap-lab\/\" class=\"produkt-galleri-btn\">Till produkten <i class=\"fa fa-lg fa-arrow-right\"><\/i><\/a>\n\t\t\t<\/div>\n\n\t    \n\t\t    <div class=\"produkt-galleri\">\n\t\t\t\t<img decoding=\"async\" class=\"produkt-bild\" src=\"https:\/\/www.nimax.se\/foto\/wp-content\/uploads\/sites\/3\/2016\/03\/hiti_fotopapper_p520l_prinbiz_nimax.jpg\">\n\t\t\t\t<img decoding=\"async\" class=\"produkt-bild\" src=\"https:\/\/www.nimax.se\/foto\/wp-content\/uploads\/sites\/3\/2016\/03\/hiti_fotopapper_nimax.png\">\n\t\t\t\t<div class=\"produkt-titel\">HiTi fotopapper P520L . Prinbiz.<\/div>\n\t\t\t\t\n\t\t\t\t<a href=\"https:\/\/www.nimax.se\/foto\/produkter\/hiti-fotopapper-p520l-prinbiz\/\" class=\"produkt-galleri-btn\">Till produkten <i class=\"fa fa-lg fa-arrow-right\"><\/i><\/a>\n\t\t\t<\/div>\n\n\t    \n\t\t    <div class=\"produkt-galleri\">\n\t\t\t\t<img decoding=\"async\" class=\"produkt-bild\" src=\"https:\/\/www.nimax.se\/foto\/wp-content\/uploads\/sites\/3\/2016\/03\/UPP_110_nimax.jpg\">\n\t\t\t\t<img decoding=\"async\" class=\"produkt-bild\" src=\"https:\/\/www.nimax.se\/foto\/wp-content\/uploads\/sites\/3\/2016\/03\/UPP_sony_nimax.jpg\">\n\t\t\t\t<div class=\"produkt-titel\">Sony UPP-110HG, UPP-110HD, UPP-84HG, UPC-21L, UPP-210HD<\/div>\n\t\t\t\t\n\t\t\t\t<a href=\"https:\/\/www.nimax.se\/foto\/produkter\/sony-upp-110hg-upp-110hd-upp-84hg-upc-21l-upp-210hd\/\" class=\"produkt-galleri-btn\">Till produkten <i class=\"fa fa-lg fa-arrow-right\"><\/i><\/a>\n\t\t\t<\/div>\n\n\t    \n\t\t    <div class=\"produkt-galleri\">\n\t\t\t\t<img decoding=\"async\" class=\"produkt-bild\" src=\"https:\/\/www.nimax.se\/foto\/wp-content\/uploads\/sites\/3\/2016\/03\/UPC_X46_nimax.jpg\">\n\t\t\t\t<img decoding=\"async\" class=\"produkt-bild\" src=\"https:\/\/www.nimax.se\/foto\/wp-content\/uploads\/sites\/3\/2016\/03\/UPC_X34_nimax.jpg\">\n\t\t\t\t<div class=\"produkt-titel\">10UPC-X34, 10UPC-X46. 2UPC-C14 DNP Sony skrivare<\/div>\n\t\t\t\t\n\t\t\t\t<a href=\"https:\/\/www.nimax.se\/foto\/produkter\/10upc-x34-10upc-x46-2upc-c14-dnp-skrivare\/\" class=\"produkt-galleri-btn\">Till produkten <i class=\"fa fa-lg fa-arrow-right\"><\/i><\/a>\n\t\t\t<\/div>\n\n<div class=\"fusion-clearfix\"><\/div><\/div><\/div><\/div><\/div>\n","protected":false},"excerpt":{"rendered":"","protected":false},"author":1,"featured_media":0,"parent":0,"menu_order":0,"comment_status":"closed","ping_status":"open","template":"","meta":{"_acf_changed":false,"footnotes":""},"class_list":["post-587","page","type-page","status-publish","hentry"],"acf":[],"_links":{"self":[{"href":"https:\/\/www.nimax.se\/foto\/wp-json\/wp\/v2\/pages\/587","targetHints":{"allow":["GET"]}}],"collection":[{"href":"https:\/\/www.nimax.se\/foto\/wp-json\/wp\/v2\/pages"}],"about":[{"href":"https:\/\/www.nimax.se\/foto\/wp-json\/wp\/v2\/types\/page"}],"author":[{"embeddable":true,"href":"https:\/\/www.nimax.se\/foto\/wp-json\/wp\/v2\/users\/1"}],"replies":[{"embeddable":true,"href":"https:\/\/www.nimax.se\/foto\/wp-json\/wp\/v2\/comments?post=587"}],"version-history":[{"count":24,"href":"https:\/\/www.nimax.se\/foto\/wp-json\/wp\/v2\/pages\/587\/revisions"}],"predecessor-version":[{"id":747,"href":"https:\/\/www.nimax.se\/foto\/wp-json\/wp\/v2\/pages\/587\/revisions\/747"}],"wp:attachment":[{"href":"https:\/\/www.nimax.se\/foto\/wp-json\/wp\/v2\/media?parent=587"}],"curies":[{"name":"wp","href":"https:\/\/api.w.org\/{rel}","templated":true}]}}