{"id":559,"date":"2016-02-04T16:24:05","date_gmt":"2016-02-04T15:24:05","guid":{"rendered":"http:\/\/www.nimax.se\/foto\/?page_id=559"},"modified":"2018-04-06T14:50:18","modified_gmt":"2018-04-06T12:50:18","slug":"dnp-dp-sl620-minilabb","status":"publish","type":"page","link":"https:\/\/www.nimax.se\/foto\/dnp-dp-sl620-minilabb\/","title":{"rendered":"DNP DP-SL620-II Minilabb"},"content":{"rendered":"<div class=\"fusion-fullwidth fullwidth-box fusion-builder-row-1 nonhundred-percent-fullwidth non-hundred-percent-height-scrolling\" style=\"--awb-background-position:left top;--awb-border-radius-top-left:0px;--awb-border-radius-top-right:0px;--awb-border-radius-bottom-right:0px;--awb-border-radius-bottom-left:0px;--awb-padding-top:20px;--awb-padding-right:0px;--awb-padding-bottom:20px;--awb-padding-left:0px;--awb-border-sizes-top:0px;--awb-border-sizes-bottom:0px;--awb-flex-wrap:wrap;\" ><div class=\"fusion-builder-row fusion-row\"><div class=\"fusion-layout-column fusion_builder_column fusion-builder-column-0 fusion_builder_column_2_3 2_3 fusion-two-third fusion-column-first\" style=\"--awb-bg-size:cover;width:65.3333%; margin-right: 4%;\"><div class=\"fusion-column-wrapper fusion-flex-column-wrapper-legacy\"><div class=\"fusion-text fusion-text-1\"><h1>DNP DP-SL620-II Minilabb<\/h1>\n<\/div><div class=\"fusion-text fusion-text-2\"><p>SnapLab allt i ett minilabb, fotokiosk f\u00f6r digitala utskrifter. Fotoutskrifter fr\u00e5n digitala kameror, telefoner, mobila smartphone Android , Iphone, iOS och Windows 8 enheter.<\/p>\n<\/div><div class=\"fusion-text fusion-text-3\"><h2>Sublimeringsskrivare med m\u00e5nga m\u00f6jligheter<\/h2>\n<p>Med sublimeringsskrivare SL620 f\u00f6r utskriftsstorlekar 9&#215;13 cm, 10x15cm, 11x15cm 13x18cm, 15&#215;20 cm, 15x23cm, och 20&#215;30 cm med enkel och dubbelsidiga utskrifter. Alla utskrifter med skyddslaminat.<\/p>\n<p>M\u00f6jlighet ges att skriva ut bilder med ramar, kalender tackkort och fotob\u00f6cker. Alla utskrifter i glossy eller matt.<\/p>\n<p>Till orderterminalen kan koppla kvittoskrivare, router f\u00f6r tr\u00e5dl\u00f6s \u00f6verf\u00f6ring fr\u00e5n smartphone Android Iphone och Windows 8 enheter.<\/p>\n<p>DNP DP \u2013SL620-II fotostation \u00e4r \u00e4ven ett perfekt redskap f\u00f6r professionell eventfotografering och br\u00f6llopsfotografering.<\/p>\n<\/div><div class=\"fusion-text fusion-text-4\"><h2>Torrlab utan kemi<\/h2>\n<p>Sublimeringstekniken medf\u00f6r i alla avseenden ett milj\u00f6v\u00e4nligt s\u00e4tt att skriva ut fotobilder med h\u00f6g fotokvallitet.<\/p>\n<\/div><div class=\"fusion-text fusion-text-5\"><h2>Minneskortl\u00e4sare<\/h2>\n<p>Kortl\u00e4sare f\u00f6r SD kort, Micro SD, MS kort, MS micro kort , xD kort, CF kort, USB minne.<\/p>\n<\/div><div class=\"fusion-text fusion-text-6\"><h2>Minilabb med betoning p\u00e5 mini<\/h2>\n<p>Snap-Lab har \u00e4r endast m\u00e5tten. B 275 mm. D 399 mm. H 427 mm. Vikt total med fototerminal 18 kg.<\/p>\n<\/div><div class=\"fusion-text fusion-text-7\"><h2>Fotoformat &#8211; Bildstorlekar f\u00f6r Photofinishing<\/h2>\n<\/div><div class=\"fusion-text fusion-text-8\"><div class=\"table-1\">\n<table width=\"100%\">\n<tbody>\n<tr>\n<td>3.5&#215;5\u201d<\/td>\n<td>(9x13cm)<\/td>\n<td>6&#215;8 papper<\/td>\n<\/tr>\n<tr>\n<td>4&#215;4\u201d<\/td>\n<td>(10&#215;10 cm)<\/td>\n<td>6&#215;8 papper<\/td>\n<\/tr>\n<tr>\n<td>4&#215;6\u201d<\/td>\n<td>(10x15cm)<\/td>\n<td>6&#215;8 papper<\/td>\n<\/tr>\n<tr>\n<td>5&#215;5\u201d<\/td>\n<td>(13x13cm)<\/td>\n<td>6&#215;8 papper<\/td>\n<\/tr>\n<tr>\n<td>5&#215;7\u201d<\/td>\n<td>(13x18cm)<\/td>\n<td>6&#215;8 papper<\/td>\n<\/tr>\n<tr>\n<td>6&#215;6\u201d<\/td>\n<td>(15x15cm)<\/td>\n<td>6&#215;8 papper<\/td>\n<\/tr>\n<tr>\n<td>6&#215;8\u201d<\/td>\n<td>(15x20cm)<\/td>\n<td>6&#215;8 papper<\/td>\n<\/tr>\n<tr>\n<td>4&#215;4\u201d<\/td>\n<td>(10x10cm)<\/td>\n<td>6&#215;9 papper<\/td>\n<\/tr>\n<tr>\n<td>4&#215;6\u201d<\/td>\n<td>(10x15cm)<\/td>\n<td>6&#215;9 papper<\/td>\n<\/tr>\n<tr>\n<td>4.5&#215;6\u201d<\/td>\n<td>(11.5x15cm)<\/td>\n<td>6&#215;9 papper<\/td>\n<\/tr>\n<tr>\n<td>6&#215;8\u201d<\/td>\n<td>(15x20cm)<\/td>\n<td>6&#215;9 papper<\/td>\n<\/tr>\n<tr>\n<td>6&#215;9\u201d<\/td>\n<td>(15x23cm)<\/td>\n<td>6&#215;9 papper<\/td>\n<\/tr>\n<tr>\n<td>3.5&#215;5\u201d<\/td>\n<td>(9x13cm)<\/td>\n<td>5&#215;7 papper<\/td>\n<\/tr>\n<tr>\n<td>5&#215;5\u201d<\/td>\n<td>(13x13cm)<\/td>\n<td>5&#215;7 papper<\/td>\n<\/tr>\n<tr>\n<td>5&#215;7\u201d<\/td>\n<td>(13x18cm)<\/td>\n<td>5&#215;7 papper<\/td>\n<\/tr>\n<tr>\n<td>8&#215;8\u201d<\/td>\n<td>(20x20cm)<\/td>\n<td>8&#215;12 papper DS80 Skrivare<\/td>\n<\/tr>\n<tr>\n<td>8&#215;12\u201d<\/td>\n<td>(20x30cm)<\/td>\n<td>8&#215;12 papper DS80 Skrivare<\/td>\n<\/tr>\n<\/tbody>\n<\/table>\n<\/div>\n<\/div><div class=\"fusion-image-element fusion-image-align-center in-legacy-container\" style=\"text-align:center;--awb-caption-title-font-family:var(--h2_typography-font-family);--awb-caption-title-font-weight:var(--h2_typography-font-weight);--awb-caption-title-font-style:var(--h2_typography-font-style);--awb-caption-title-size:var(--h2_typography-font-size);--awb-caption-title-transform:var(--h2_typography-text-transform);--awb-caption-title-line-height:var(--h2_typography-line-height);--awb-caption-title-letter-spacing:var(--h2_typography-letter-spacing);\"><div class=\"imageframe-align-center\"><span class=\" fusion-imageframe imageframe-none imageframe-1 hover-type-none\"><img decoding=\"async\" width=\"741\" height=\"412\" alt=\"DNP DP-SL620 minilabb ritning\" title=\"DNP_DP-SL620_minilabb_ritning\" src=\"https:\/\/www.nimax.se\/foto\/wp-content\/uploads\/sites\/3\/2016\/02\/DNP_DP-SL620_minilabb_ritning.png\" class=\"img-responsive wp-image-579\" srcset=\"https:\/\/www.nimax.se\/foto\/wp-content\/uploads\/sites\/3\/2016\/02\/DNP_DP-SL620_minilabb_ritning-300x167.png 300w, https:\/\/www.nimax.se\/foto\/wp-content\/uploads\/sites\/3\/2016\/02\/DNP_DP-SL620_minilabb_ritning.png 741w\" sizes=\"(max-width: 741px) 100vw, 741px\" \/><\/span><\/div><\/div><div class=\"fusion-clearfix\"><\/div><\/div><\/div><div class=\"fusion-layout-column fusion_builder_column fusion-builder-column-1 fusion_builder_column_1_3 1_3 fusion-one-third fusion-column-last\" style=\"--awb-bg-size:cover;--awb-border-color:#dedede;--awb-border-top:0px;--awb-border-right:0px;--awb-border-bottom:0px;--awb-border-left:0px;--awb-border-style:solid;width:30.6666%;\"><div class=\"fusion-column-wrapper fusion-flex-column-wrapper-legacy\"><div class=\"fusion-column-content-centered\"><div class=\"fusion-column-content\"><div class=\"fusion-image-element fusion-image-align-center in-legacy-container\" style=\"text-align:center;--awb-caption-title-font-family:var(--h2_typography-font-family);--awb-caption-title-font-weight:var(--h2_typography-font-weight);--awb-caption-title-font-style:var(--h2_typography-font-style);--awb-caption-title-size:var(--h2_typography-font-size);--awb-caption-title-transform:var(--h2_typography-text-transform);--awb-caption-title-line-height:var(--h2_typography-line-height);--awb-caption-title-letter-spacing:var(--h2_typography-letter-spacing);\"><div class=\"imageframe-align-center\"><span class=\" fusion-imageframe imageframe-none imageframe-2 hover-type-none\"><img decoding=\"async\" width=\"1080\" height=\"1153\" title=\"SL620_DSTMiniS_angledR_screen Large (1)\" src=\"https:\/\/www.nimax.se\/foto\/wp-content\/uploads\/sites\/3\/2016\/02\/SL620_DSTMiniS_angledR_screen-Large-1.png\" alt class=\"img-responsive wp-image-762\" srcset=\"https:\/\/www.nimax.se\/foto\/wp-content\/uploads\/sites\/3\/2016\/02\/SL620_DSTMiniS_angledR_screen-Large-1-200x214.png 200w, https:\/\/www.nimax.se\/foto\/wp-content\/uploads\/sites\/3\/2016\/02\/SL620_DSTMiniS_angledR_screen-Large-1-400x427.png 400w, https:\/\/www.nimax.se\/foto\/wp-content\/uploads\/sites\/3\/2016\/02\/SL620_DSTMiniS_angledR_screen-Large-1-600x641.png 600w, https:\/\/www.nimax.se\/foto\/wp-content\/uploads\/sites\/3\/2016\/02\/SL620_DSTMiniS_angledR_screen-Large-1-800x854.png 800w, https:\/\/www.nimax.se\/foto\/wp-content\/uploads\/sites\/3\/2016\/02\/SL620_DSTMiniS_angledR_screen-Large-1.png 1080w\" sizes=\"(max-width: 800px) 100vw, 400px\" \/><\/span><\/div><\/div><div class=\"fusion-sep-clear\"><\/div><div class=\"fusion-separator fusion-full-width-sep\" style=\"margin-left: auto;margin-right: auto;margin-top:30px;width:100%;\"><\/div><div class=\"fusion-sep-clear\"><\/div><div class=\"fusion-aligncenter\"><a class=\"fusion-button button-flat fusion-button-default-size button-custom fusion-button-default button-1 fusion-button-default-span fusion-button-default-type\" style=\"--button_accent_color:#ffffff;--button_accent_hover_color:#ffffff;--button_border_hover_color:#ffffff;--button_border_width-top:0;--button_border_width-right:0;--button_border_width-bottom:0;--button_border_width-left:0;--button_gradient_top_color:#32a5ff;--button_gradient_bottom_color:#32a5ff;--button_gradient_top_color_hover:#0b73c5;--button_gradient_bottom_color_hover:#0b73c5;\" target=\"_blank\" rel=\"noopener noreferrer\" title=\"L\u00e4s mer om DNP DP-SL620\" aria-label=\"L\u00e4s mer om DNP DP-SL620\" href=\"https:\/\/www.nimax.se\/foto\/wp-content\/uploads\/sites\/3\/2016\/01\/DNP_brochure_DPSL620_EN_BD1.pdf\"><span class=\"fusion-button-text awb-button__text awb-button__text--default\">L\u00e4s mer om DNP DP-SL620-II<\/span><i class=\" fa fa-arrow-right awb-button__icon awb-button__icon--default button-icon-right\" aria-hidden=\"true\"><\/i><\/a><\/div><\/div><\/div><div class=\"fusion-clearfix\"><\/div><\/div><\/div><\/div><\/div>\n","protected":false},"excerpt":{"rendered":"","protected":false},"author":1,"featured_media":0,"parent":0,"menu_order":0,"comment_status":"closed","ping_status":"open","template":"100-width.php","meta":{"_acf_changed":false,"footnotes":""},"class_list":["post-559","page","type-page","status-publish","hentry"],"acf":[],"_links":{"self":[{"href":"https:\/\/www.nimax.se\/foto\/wp-json\/wp\/v2\/pages\/559","targetHints":{"allow":["GET"]}}],"collection":[{"href":"https:\/\/www.nimax.se\/foto\/wp-json\/wp\/v2\/pages"}],"about":[{"href":"https:\/\/www.nimax.se\/foto\/wp-json\/wp\/v2\/types\/page"}],"author":[{"embeddable":true,"href":"https:\/\/www.nimax.se\/foto\/wp-json\/wp\/v2\/users\/1"}],"replies":[{"embeddable":true,"href":"https:\/\/www.nimax.se\/foto\/wp-json\/wp\/v2\/comments?post=559"}],"version-history":[{"count":30,"href":"https:\/\/www.nimax.se\/foto\/wp-json\/wp\/v2\/pages\/559\/revisions"}],"predecessor-version":[{"id":772,"href":"https:\/\/www.nimax.se\/foto\/wp-json\/wp\/v2\/pages\/559\/revisions\/772"}],"wp:attachment":[{"href":"https:\/\/www.nimax.se\/foto\/wp-json\/wp\/v2\/media?parent=559"}],"curies":[{"name":"wp","href":"https:\/\/api.w.org\/{rel}","templated":true}]}}